{"id":1814,"date":"2023-10-31T18:22:17","date_gmt":"2023-10-31T18:22:17","guid":{"rendered":"https:\/\/www.cuentatuscolores.es\/?page_id=1814"},"modified":"2023-11-03T14:44:50","modified_gmt":"2023-11-03T14:44:50","slug":"pensamiento-abstracto","status":"publish","type":"page","link":"https:\/\/www.cuentatuscolores.es\/index.php\/pensamiento-abstracto\/","title":{"rendered":"Pensamiento Abstracto"},"content":{"rendered":"\t\t<div data-elementor-type=\"wp-page\" data-elementor-id=\"1814\" class=\"elementor elementor-1814\" data-elementor-settings=\"[]\">\n\t\t\t\t\t\t\t<div class=\"elementor-section-wrap\">\n\t\t\t\t\t\t\t<section class=\"elementor-section elementor-top-section elementor-element elementor-element-ae96ad5 elementor-section-boxed elementor-section-height-default elementor-section-height-default\" data-id=\"ae96ad5\" data-element_type=\"section\">\n\t\t\t\t\t\t<div class=\"elementor-container elementor-column-gap-default\">\n\t\t\t\t\t<div class=\"elementor-column elementor-col-50 elementor-top-column elementor-element elementor-element-26fc6c7\" data-id=\"26fc6c7\" data-element_type=\"column\" data-settings=\"{&quot;background_background&quot;:&quot;classic&quot;}\">\n\t\t\t<div class=\"elementor-widget-wrap elementor-element-populated\">\n\t\t\t\t\t\t\t\t<div class=\"elementor-element elementor-element-06fb85d elementor-widget elementor-widget-heading\" data-id=\"06fb85d\" data-element_type=\"widget\" data-widget_type=\"heading.default\">\n\t\t\t\t<div class=\"elementor-widget-container\">\n\t\t\t<style>\/*! elementor - v3.5.3 - 28-12-2021 *\/\n.elementor-heading-title{padding:0;margin:0;line-height:1}.elementor-widget-heading .elementor-heading-title[class*=elementor-size-]>a{color:inherit;font-size:inherit;line-height:inherit}.elementor-widget-heading .elementor-heading-title.elementor-size-small{font-size:15px}.elementor-widget-heading .elementor-heading-title.elementor-size-medium{font-size:19px}.elementor-widget-heading .elementor-heading-title.elementor-size-large{font-size:29px}.elementor-widget-heading .elementor-heading-title.elementor-size-xl{font-size:39px}.elementor-widget-heading .elementor-heading-title.elementor-size-xxl{font-size:59px}<\/style><h2 class=\"elementor-heading-title elementor-size-small\"><br>Quisiera definir un poco la pintura abstracta y hablar de la abstracci\u00f3n en la pintura en general.<br><\/h2>\t\t<\/div>\n\t\t\t\t<\/div>\n\t\t\t\t\t<\/div>\n\t\t<\/div>\n\t\t\t\t<div class=\"elementor-column elementor-col-50 elementor-top-column elementor-element elementor-element-2ce3d54\" data-id=\"2ce3d54\" data-element_type=\"column\" data-settings=\"{&quot;background_background&quot;:&quot;gradient&quot;}\">\n\t\t\t<div class=\"elementor-widget-wrap elementor-element-populated\">\n\t\t\t\t\t\t\t\t<div class=\"elementor-element elementor-element-503c84c elementor-widget elementor-widget-text-editor\" data-id=\"503c84c\" data-element_type=\"widget\" data-widget_type=\"text-editor.default\">\n\t\t\t\t<div class=\"elementor-widget-container\">\n\t\t\t<style>\/*! elementor - v3.5.3 - 28-12-2021 *\/\n.elementor-widget-text-editor.elementor-drop-cap-view-stacked .elementor-drop-cap{background-color:#818a91;color:#fff}.elementor-widget-text-editor.elementor-drop-cap-view-framed .elementor-drop-cap{color:#818a91;border:3px solid;background-color:transparent}.elementor-widget-text-editor:not(.elementor-drop-cap-view-default) .elementor-drop-cap{margin-top:8px}.elementor-widget-text-editor:not(.elementor-drop-cap-view-default) .elementor-drop-cap-letter{width:1em;height:1em}.elementor-widget-text-editor .elementor-drop-cap{float:left;text-align:center;line-height:1;font-size:50px}.elementor-widget-text-editor .elementor-drop-cap-letter{display:inline-block}<\/style>\t\t\t\t<h4><span style=\"color: #000080;\"><strong><span style=\"font-family: Arial, sans-serif; font-size: 11pt; font-style: var( --e-global-typography-text-font-style ); letter-spacing: var( --e-global-typography-text-letter-spacing ); text-transform: var( --e-global-typography-text-text-transform ); word-spacing: var( --e-global-typography-text-word-spacing );\">La pintura abstracta es un estilo art\u00edstico que se caracteriza por la ausencia de representaci\u00f3n figurativa o realista. En lugar de retratar objetos, personas o paisajes de manera reconocible, los artistas abstractos se centran en la expresi\u00f3n de emociones, conceptos y estados de \u00e1nimo a trav\u00e9s de formas, colores, l\u00edneas y texturas abstractas<\/span>.<\/strong><\/span><\/h4>\t\t\t\t\t\t<\/div>\n\t\t\t\t<\/div>\n\t\t\t\t\t<\/div>\n\t\t<\/div>\n\t\t\t\t\t\t\t<\/div>\n\t\t<\/section>\n\t\t\t\t<section class=\"elementor-section elementor-top-section elementor-element elementor-element-583342f elementor-section-boxed elementor-section-height-default elementor-section-height-default\" data-id=\"583342f\" data-element_type=\"section\">\n\t\t\t\t\t\t<div class=\"elementor-container elementor-column-gap-default\">\n\t\t\t\t\t<div class=\"elementor-column elementor-col-100 elementor-top-column elementor-element elementor-element-460b125\" data-id=\"460b125\" data-element_type=\"column\">\n\t\t\t<div class=\"elementor-widget-wrap elementor-element-populated\">\n\t\t\t\t\t\t\t\t<div class=\"elementor-element elementor-element-5297e9f elementor-widget elementor-widget-text-editor\" data-id=\"5297e9f\" data-element_type=\"widget\" data-widget_type=\"text-editor.default\">\n\t\t\t\t<div class=\"elementor-widget-container\">\n\t\t\t\t\t\t\t<h5 style=\"text-align: center;\"><span style=\"color: #003366;\"><strong>Diferencias clave entre la pintura abstracta y otros estilos art\u00edsticos:<\/strong><\/span><\/h5><p><strong><span style=\"color: #000080;\">El Realismo se esfuerza por representar objetos y sujetos de la manera m\u00e1s fiel posible a la realidad. El impresionismo tambi\u00e9n se aleja de la representaci\u00f3n precisa, buscan capturar la luz y la atm\u00f3sfera en sus obras, mientras que los abstractos se centran en la expresi\u00f3n personal y emocional a trav\u00e9s de formas y colores no representativos. El expresionismo y la pintura abstracta comparten un \u00e9nfasis en la expresi\u00f3n emocional, pero el expresionismo a menudo presenta figuras reconocibles de manera distorsionada para transmitir emociones intensas. \u00a0El surrealismo tambi\u00e9n se aleja de la realidad, pero tiende a presentar elementos aparentemente inconexos de manera surrealista o irracional.\u00a0<\/span><\/strong><\/p><p><strong><span style=\"color: #000080;\">La pintura abstracta, por otro lado, no necesariamente busca crear un sentido de irracionalidad y, en cambio, se enfoca en la organizaci\u00f3n abstracta de formas y colores. El cubismo juega con la representaci\u00f3n de objetos desde m\u00faltiples perspectivas a trav\u00e9s de la fragmentaci\u00f3n y la reorganizaci\u00f3n de las formas. La pintura abstracta se aparta de esta fragmentaci\u00f3n y se centra en formas y colores abstractos sin una preocupaci\u00f3n particular por la representaci\u00f3n de objetos tridimensionales.<\/span><\/strong><\/p><p><strong><span style=\"color: #000080;\">Resumiendo, la pintura abstracta se centra en la expresi\u00f3n emocional y conceptual a trav\u00e9s de elementos abstractos como formas, colores y texturas. Los artistas utilizan estos elementos para crear obras que transmiten sus pensamientos y sentimientos de una manera subjetiva y personal, permitiendo a los espectadores conectar con la obra de formas diversas y significativas. La pintura abstracta es un medio art\u00edstico rico y diverso que brinda una amplia libertad para la expresi\u00f3n creativa.<\/span><\/strong><\/p>\t\t\t\t\t\t<\/div>\n\t\t\t\t<\/div>\n\t\t\t\t\t<\/div>\n\t\t<\/div>\n\t\t\t\t\t\t\t<\/div>\n\t\t<\/section>\n\t\t\t\t<section class=\"elementor-section elementor-top-section elementor-element elementor-element-12691d4 elementor-section-boxed elementor-section-height-default elementor-section-height-default\" data-id=\"12691d4\" data-element_type=\"section\">\n\t\t\t\t\t\t<div class=\"elementor-container elementor-column-gap-default\">\n\t\t\t\t\t<div class=\"elementor-column elementor-col-100 elementor-top-column elementor-element elementor-element-13d6e37\" data-id=\"13d6e37\" data-element_type=\"column\" data-settings=\"{&quot;background_background&quot;:&quot;classic&quot;}\">\n\t\t\t<div class=\"elementor-widget-wrap elementor-element-populated\">\n\t\t\t\t\t\t\t\t<div class=\"elementor-element elementor-element-27628e4 elementor-widget elementor-widget-heading\" data-id=\"27628e4\" data-element_type=\"widget\" data-widget_type=\"heading.default\">\n\t\t\t\t<div class=\"elementor-widget-container\">\n\t\t\t<h2 class=\"elementor-heading-title elementor-size-small\"><br>Mi enfoque y estilo personal. \u00bfQu\u00e9 me inspira?<br>\n<\/h2>\t\t<\/div>\n\t\t\t\t<\/div>\n\t\t\t\t\t<\/div>\n\t\t<\/div>\n\t\t\t\t\t\t\t<\/div>\n\t\t<\/section>\n\t\t\t\t<section class=\"elementor-section elementor-top-section elementor-element elementor-element-050dc40 elementor-section-boxed elementor-section-height-default elementor-section-height-default\" data-id=\"050dc40\" data-element_type=\"section\">\n\t\t\t\t\t\t<div class=\"elementor-container elementor-column-gap-default\">\n\t\t\t\t\t<div class=\"elementor-column elementor-col-100 elementor-top-column elementor-element elementor-element-51374b5\" data-id=\"51374b5\" data-element_type=\"column\">\n\t\t\t<div class=\"elementor-widget-wrap elementor-element-populated\">\n\t\t\t\t\t\t\t\t<div class=\"elementor-element elementor-element-a8b77e0 elementor-widget elementor-widget-text-editor\" data-id=\"a8b77e0\" data-element_type=\"widget\" data-widget_type=\"text-editor.default\">\n\t\t\t\t<div class=\"elementor-widget-container\">\n\t\t\t\t\t\t\t<p><strong><span style=\"color: #003366;\">Mi pintura abstracta se enfoca en dar vida a mis experiencias personales y reflejar mi mundo interior en el lienzo o en otros soportes art\u00edsticos. Este enfoque es profundamente personal y poderoso para m\u00ed. En diferentes etapas de mi vida, ya sea mientras practicaba deportes, estudiaba, enfrentaba situaciones familiares o laborales, mis cuadros serv\u00edan como un reflejo de mi situaci\u00f3n personal en ese momento. A trav\u00e9s de la pintura abstracta, he encontrado una v\u00eda para expresar mis emociones y pensamientos subjetivos de una manera \u00fanica.<\/span><\/strong><\/p><p><strong><span style=\"color: #003366;\">Me inspira el bienestar que consigo con cada pincelada, cada una es una expresi\u00f3n de mi mundo interior en constante evoluci\u00f3n, y mi trabajo art\u00edstico se convierte en un reflejo de mi viaje personal.<\/span><\/strong><\/p><p><strong><span style=\"color: #003366;\">Hace15 a\u00f1os, escrib\u00ed un art\u00edculo titulado \u00abPsicodrama y Arte: La escenificaci\u00f3n de lo inconsciente, una puerta abierta a los deseos m\u00e1s profundos\u00bb. Hoy, me complace reflexionar sobre c\u00f3mo esta pr\u00e1ctica ha influido en mi vida y mi obra art\u00edstica. <\/span><\/strong><strong><span style=\"color: #003366;\">Con la pr\u00e1ctica del psicodrama, una t\u00e9cnica terap\u00e9utica que combina elementos del teatro y la psicolog\u00eda para explorar los aspectos inconscientes de la mente. <\/span><\/strong><strong><span style=\"color: #003366;\">El psicodrama me ha permitido liberar emociones reprimidas y acceder a pensamientos y sentimientos que antes eran dif\u00edciles de expresar de manera verbal. A trav\u00e9s de la dramatizaci\u00f3n, he podido representar situaciones y conflictos que me han ayudado a comprenderme mejor y a alcanzar una mayor paz interior.<\/span><\/strong><\/p><p><strong><span style=\"color: #003366;\">Mi experiencia en el grupo de psicodrama y mi expresi\u00f3n art\u00edstica en lienzo han estado estrechamente entrelazadas. A trav\u00e9s de la dramatizaci\u00f3n y la pintura, he logrado una mayor conciencia de m\u00ed mismo y una mayor aceptaci\u00f3n de mis deseos y miedos.<\/span><\/strong><\/p><p><strong><span style=\"color: #003366;\">Estas pr\u00e1cticas me han permitido liberar emociones, confrontar mis miedos y vivir de una manera m\u00e1s consciente y aut\u00e9ntica<\/span><\/strong><\/p>\t\t\t\t\t\t<\/div>\n\t\t\t\t<\/div>\n\t\t\t\t\t<\/div>\n\t\t<\/div>\n\t\t\t\t\t\t\t<\/div>\n\t\t<\/section>\n\t\t\t\t<section class=\"elementor-section elementor-top-section elementor-element elementor-element-e960e38 elementor-section-boxed elementor-section-height-default elementor-section-height-default\" data-id=\"e960e38\" data-element_type=\"section\">\n\t\t\t\t\t\t<div class=\"elementor-container elementor-column-gap-default\">\n\t\t\t\t\t<div class=\"elementor-column elementor-col-100 elementor-top-column elementor-element elementor-element-d1f658d\" data-id=\"d1f658d\" data-element_type=\"column\" data-settings=\"{&quot;background_background&quot;:&quot;classic&quot;}\">\n\t\t\t<div class=\"elementor-widget-wrap elementor-element-populated\">\n\t\t\t\t\t\t\t\t<div class=\"elementor-element elementor-element-128a245 elementor-widget elementor-widget-heading\" data-id=\"128a245\" data-element_type=\"widget\" data-widget_type=\"heading.default\">\n\t\t\t\t<div class=\"elementor-widget-container\">\n\t\t\t<h2 class=\"elementor-heading-title elementor-size-small\">Evoluci\u00f3n como artista abstracto a lo largo del tiempo.<\/h2>\t\t<\/div>\n\t\t\t\t<\/div>\n\t\t\t\t\t<\/div>\n\t\t<\/div>\n\t\t\t\t\t\t\t<\/div>\n\t\t<\/section>\n\t\t\t\t<section class=\"elementor-section elementor-top-section elementor-element elementor-element-4fb1816 elementor-section-boxed elementor-section-height-default elementor-section-height-default\" data-id=\"4fb1816\" data-element_type=\"section\">\n\t\t\t\t\t\t<div class=\"elementor-container elementor-column-gap-default\">\n\t\t\t\t\t<div class=\"elementor-column elementor-col-100 elementor-top-column elementor-element elementor-element-7740551\" data-id=\"7740551\" data-element_type=\"column\">\n\t\t\t<div class=\"elementor-widget-wrap elementor-element-populated\">\n\t\t\t\t\t\t\t\t<div class=\"elementor-element elementor-element-1001405 elementor-widget elementor-widget-text-editor\" data-id=\"1001405\" data-element_type=\"widget\" data-widget_type=\"text-editor.default\">\n\t\t\t\t<div class=\"elementor-widget-container\">\n\t\t\t\t\t\t\t<h5><span style=\"color: #003366;\">A lo largo de los a\u00f1os, he aprendido a componer colores sobre color de una manera que me permite fluir sin miedo a las im\u00e1genes que se van construyendo en el lienzo. Es un proceso creativo que me ha llevado a un mundo de expresi\u00f3n personal y emocional.<\/span><\/h5><h5><span style=\"color: #003366;\">La pintura abstracta se ha convertido en una forma de terapia visual para m\u00ed. Cada vez que cojo mis pinceles y mezclo colores en mi paleta, siento que estoy en un viaje de autodescubrimiento. A trav\u00e9s de la elecci\u00f3n de colores, formas y texturas, puedo expresar mis emociones y pensamientos de una manera subjetiva y \u00fanica. Es como si las im\u00e1genes que se van creando en el lienzo fueran ventanas a mi mundo interior.<\/span><\/h5><h5><span style=\"color: #003366;\">Lo que m\u00e1s me emociona de esta forma de arte es que no hay reglas r\u00edgidas ni limitaciones. Puedo experimentar libremente y permitir que mi intuici\u00f3n me gu\u00ede. No tengo miedo de las im\u00e1genes que surgen, porque s\u00e9 que cada trazo y cada color tienen un significado en mi propio proceso creativo y dejaron de ser totalidades que defender.<\/span><\/h5><h5><span style=\"color: #003366;\">La pintura abstracta me ha ense\u00f1ado a abrazar la incertidumbre y a confiar en mi intuici\u00f3n. Cada obra que creo es un reflejo de mi estado de \u00e1nimo, mis pensamientos y mis experiencias en ese momento.<\/span><\/h5>\t\t\t\t\t\t<\/div>\n\t\t\t\t<\/div>\n\t\t\t\t\t<\/div>\n\t\t<\/div>\n\t\t\t\t\t\t\t<\/div>\n\t\t<\/section>\n\t\t\t\t<section class=\"elementor-section elementor-top-section elementor-element elementor-element-c1b8042 elementor-section-boxed elementor-section-height-default elementor-section-height-default\" data-id=\"c1b8042\" data-element_type=\"section\">\n\t\t\t\t\t\t<div class=\"elementor-container elementor-column-gap-default\">\n\t\t\t\t\t<div class=\"elementor-column elementor-col-100 elementor-top-column elementor-element elementor-element-b541140\" data-id=\"b541140\" data-element_type=\"column\">\n\t\t\t<div class=\"elementor-widget-wrap elementor-element-populated\">\n\t\t\t\t\t\t\t\t<div class=\"elementor-element elementor-element-d347f19 elementor-widget elementor-widget-spacer\" data-id=\"d347f19\" data-element_type=\"widget\" data-widget_type=\"spacer.default\">\n\t\t\t\t<div class=\"elementor-widget-container\">\n\t\t\t\t\t<div class=\"elementor-spacer\">\n\t\t\t<div class=\"elementor-spacer-inner\"><\/div>\n\t\t<\/div>\n\t\t\t\t<\/div>\n\t\t\t\t<\/div>\n\t\t\t\t<div class=\"elementor-element elementor-element-dab0bf5 elementor-widget elementor-widget-text-editor\" data-id=\"dab0bf5\" data-element_type=\"widget\" data-widget_type=\"text-editor.default\">\n\t\t\t\t<div class=\"elementor-widget-container\">\n\t\t\t\t\t\t\t<h5 style=\"text-align: center;\"><span style=\"color: #003366;\">Aqu\u00ed tienes un resumen de los hitos m\u00e1s importantes:<\/span><\/h5><ul><li><strong><span style=\"color: #003366;\">2005-2012: Despu\u00e9s de servir en la Armada Espa\u00f1ola y mudarme a Alicante para estudiar Pesca y Transporte Mar\u00edtimo, descubr\u00ed mi pasi\u00f3n por la pintura en un viaje entre Alicante, Madrid y Palencia. comenc\u00e9 a pintar p\u00e1jaros, paisajes y escenas de la vida nocturna.<\/span><\/strong><\/li><li><strong><span style=\"color: #003366;\">2010-2012: En El Campello, asist\u00ed a clases de pintura con Mari Carmen Espi\u00f1eira, una profesora de Bellas Artes y Arteterapia, quien me ayud\u00f3 a comprenderme como pintor sin ense\u00f1arte t\u00e9cnicas formales.<\/span><\/strong><\/li><li><strong><span style=\"color: #003366;\">2012: Conoc\u00ed a Santiago Delgado en la Marina Deportiva de Alicante, quien me anim\u00f3 a buscar un lugar para exponer. Esto marc\u00f3 el comienzo de mis exposiciones.<\/span><\/strong><\/li><li><strong><span style=\"color: #003366;\">2013-2016: Tuve \u00a0varias exposiciones en diferentes lugares, incluyendo bares y centros en Alicante, El Campello y Madrid. Presente una colecci\u00f3n llamada \u00abCOLORES, UNA HUELLA EMOCIONAL\u00bb en el Centro Cultural Fernando de los R\u00edos en Madrid.<\/span><\/strong><\/li><li><strong><span style=\"color: #003366;\">2017: Me invitaron a exponer en el Colegio de Psic\u00f3logos de Alicante debido a la portada de un libro que presentaron, que inclu\u00eda una foto de una mis obras. Adem\u00e1s, participe en una exposici\u00f3n conjunta en mi ciudad natal, Palencia.<\/span><\/strong><\/li><li><strong><span style=\"color: #003366;\">2018-2019: Me involucre en el teatro como actor amateur y en la producci\u00f3n de un musical. Tambi\u00e9n colabor\u00e9 en grupos de arteterapia.<\/span><\/strong><\/li><li><strong><span style=\"color: #003366;\">2020: Debido a la pandemia de COVID-19, tuve que regresar a El Campello y a Palencia temporalmente.<\/span><\/strong><\/li><li><strong><span style=\"color: #003366;\">2022: Retome el teatro y creo grupos espor\u00e1dicos de arteterapia en mi casa-taller.<\/span><\/strong><\/li><li><strong><span style=\"color: #003366;\">2023: Participe en la Feria de Arte Contempor\u00e1neo Artist360 en Madrid y soy miembro del Aula del Psicodrama, resido en El Campello, Alicante.<\/span><\/strong><\/li><\/ul><p style=\"text-align: center;\"><strong><span style=\"color: #003366;\">Mi viaje como pintor es un testimonio inspirador de c\u00f3mo una pasi\u00f3n puede surgir de la nada y evolucionar con el tiempo.<\/span><\/strong><\/p>\t\t\t\t\t\t<\/div>\n\t\t\t\t<\/div>\n\t\t\t\t<div class=\"elementor-element elementor-element-74313aa elementor-widget elementor-widget-spacer\" data-id=\"74313aa\" data-element_type=\"widget\" data-widget_type=\"spacer.default\">\n\t\t\t\t<div class=\"elementor-widget-container\">\n\t\t\t\t\t<div class=\"elementor-spacer\">\n\t\t\t<div class=\"elementor-spacer-inner\"><\/div>\n\t\t<\/div>\n\t\t\t\t<\/div>\n\t\t\t\t<\/div>\n\t\t\t\t\t<\/div>\n\t\t<\/div>\n\t\t\t\t\t\t\t<\/div>\n\t\t<\/section>\n\t\t\t\t<section class=\"elementor-section elementor-top-section elementor-element elementor-element-dbc350a elementor-section-boxed elementor-section-height-default elementor-section-height-default\" data-id=\"dbc350a\" data-element_type=\"section\">\n\t\t\t\t\t\t<div class=\"elementor-container elementor-column-gap-default\">\n\t\t\t\t\t<div class=\"elementor-column elementor-col-50 elementor-top-column elementor-element elementor-element-cd1c81d\" data-id=\"cd1c81d\" data-element_type=\"column\">\n\t\t\t<div class=\"elementor-widget-wrap elementor-element-populated\">\n\t\t\t\t\t\t\t\t<div class=\"elementor-element elementor-element-7f38f8b elementor-view-default elementor-position-top elementor-vertical-align-top elementor-widget elementor-widget-icon-box\" data-id=\"7f38f8b\" data-element_type=\"widget\" data-widget_type=\"icon-box.default\">\n\t\t\t\t<div class=\"elementor-widget-container\">\n\t\t\t<style>\/*! elementor - v3.5.3 - 28-12-2021 *\/\n@media (min-width:768px){.elementor-widget-icon-box.elementor-position-left .elementor-icon-box-wrapper,.elementor-widget-icon-box.elementor-position-right .elementor-icon-box-wrapper{display:-webkit-box;display:-ms-flexbox;display:flex}.elementor-widget-icon-box.elementor-position-left .elementor-icon-box-icon,.elementor-widget-icon-box.elementor-position-right .elementor-icon-box-icon{display:-webkit-inline-box;display:-ms-inline-flexbox;display:inline-flex;-webkit-box-flex:0;-ms-flex:0 0 auto;flex:0 0 auto}.elementor-widget-icon-box.elementor-position-right .elementor-icon-box-wrapper{text-align:right;-webkit-box-orient:horizontal;-webkit-box-direction:reverse;-ms-flex-direction:row-reverse;flex-direction:row-reverse}.elementor-widget-icon-box.elementor-position-left .elementor-icon-box-wrapper{text-align:left;-webkit-box-orient:horizontal;-webkit-box-direction:normal;-ms-flex-direction:row;flex-direction:row}.elementor-widget-icon-box.elementor-position-top .elementor-icon-box-img{margin:auto}.elementor-widget-icon-box.elementor-vertical-align-top .elementor-icon-box-wrapper{-webkit-box-align:start;-ms-flex-align:start;align-items:flex-start}.elementor-widget-icon-box.elementor-vertical-align-middle .elementor-icon-box-wrapper{-webkit-box-align:center;-ms-flex-align:center;align-items:center}.elementor-widget-icon-box.elementor-vertical-align-bottom .elementor-icon-box-wrapper{-webkit-box-align:end;-ms-flex-align:end;align-items:flex-end}}@media (max-width:767px){.elementor-widget-icon-box .elementor-icon-box-icon{margin-left:auto!important;margin-right:auto!important;margin-bottom:15px}}.elementor-widget-icon-box .elementor-icon-box-wrapper{text-align:center}.elementor-widget-icon-box .elementor-icon-box-title a{color:inherit}.elementor-widget-icon-box .elementor-icon-box-content{-webkit-box-flex:1;-ms-flex-positive:1;flex-grow:1}.elementor-widget-icon-box .elementor-icon-box-description{margin:0}<\/style>\t\t<div class=\"elementor-icon-box-wrapper\">\n\t\t\t\t\t\t<div class=\"elementor-icon-box-icon\">\n\t\t\t\t<span class=\"elementor-icon elementor-animation-\" >\n\t\t\t\t<i aria-hidden=\"true\" class=\"fas fa-mail-bulk\"><\/i>\t\t\t\t<\/span>\n\t\t\t<\/div>\n\t\t\t\t\t\t<div class=\"elementor-icon-box-content\">\n\t\t\t\t<h3 class=\"elementor-icon-box-title\">\n\t\t\t\t\t<span  >\n\t\t\t\t\t\tinfo@cuentatuscolores.es\t\t\t\t\t<\/span>\n\t\t\t\t<\/h3>\n\t\t\t\t\t\t\t<\/div>\n\t\t<\/div>\n\t\t\t\t<\/div>\n\t\t\t\t<\/div>\n\t\t\t\t\t<\/div>\n\t\t<\/div>\n\t\t\t\t<div class=\"elementor-column elementor-col-50 elementor-top-column elementor-element elementor-element-b6c1d51\" data-id=\"b6c1d51\" data-element_type=\"column\">\n\t\t\t<div class=\"elementor-widget-wrap elementor-element-populated\">\n\t\t\t\t\t\t\t\t<div class=\"elementor-element elementor-element-8fa3ddb elementor-view-default elementor-widget elementor-widget-icon\" data-id=\"8fa3ddb\" data-element_type=\"widget\" data-widget_type=\"icon.default\">\n\t\t\t\t<div class=\"elementor-widget-container\">\n\t\t\t\t\t<div class=\"elementor-icon-wrapper\">\n\t\t\t<a class=\"elementor-icon\" href=\"https:\/\/www.facebook.com\/valbuena1972\/\">\n\t\t\t<i aria-hidden=\"true\" class=\"fab fa-facebook\"><\/i>\t\t\t<\/a>\n\t\t<\/div>\n\t\t\t\t<\/div>\n\t\t\t\t<\/div>\n\t\t\t\t<div class=\"elementor-element elementor-element-64cba21 elementor-view-default elementor-widget elementor-widget-icon\" data-id=\"64cba21\" data-element_type=\"widget\" data-widget_type=\"icon.default\">\n\t\t\t\t<div class=\"elementor-widget-container\">\n\t\t\t\t\t<div class=\"elementor-icon-wrapper\">\n\t\t\t<a class=\"elementor-icon\" href=\"https:\/\/www.instagram.com\/valbuena_arte\/\">\n\t\t\t<i aria-hidden=\"true\" class=\"fab fa-instagram\"><\/i>\t\t\t<\/a>\n\t\t<\/div>\n\t\t\t\t<\/div>\n\t\t\t\t<\/div>\n\t\t\t\t\t<\/div>\n\t\t<\/div>\n\t\t\t\t\t\t\t<\/div>\n\t\t<\/section>\n\t\t\t\t<section class=\"elementor-section elementor-top-section elementor-element elementor-element-e84e388 elementor-section-boxed elementor-section-height-default elementor-section-height-default\" data-id=\"e84e388\" data-element_type=\"section\">\n\t\t\t\t\t\t<div class=\"elementor-container elementor-column-gap-default\">\n\t\t\t\t\t<div class=\"elementor-column elementor-col-100 elementor-top-column elementor-element elementor-element-f667d9d\" data-id=\"f667d9d\" data-element_type=\"column\">\n\t\t\t<div class=\"elementor-widget-wrap\">\n\t\t\t\t\t\t\t\t\t<\/div>\n\t\t<\/div>\n\t\t\t\t\t\t\t<\/div>\n\t\t<\/section>\n\t\t\t\t\t\t<\/div>\n\t\t\t\t\t<\/div>\n\t\t","protected":false},"excerpt":{"rendered":"<p>Quisiera definir un poco la pintura abstracta y hablar de la abstracci\u00f3n en la pintura en general. La pintura abstracta es un estilo art\u00edstico que se caracteriza por la ausencia de representaci\u00f3n figurativa o realista. En lugar de retratar objetos, personas o paisajes de manera reconocible, los artistas abstractos se centran en la expresi\u00f3n de [&hellip;]<\/p>\n","protected":false},"author":2,"featured_media":0,"parent":0,"menu_order":0,"comment_status":"closed","ping_status":"closed","template":"","meta":{"footnotes":""},"class_list":["post-1814","page","type-page","status-publish","hentry"],"_links":{"self":[{"href":"https:\/\/www.cuentatuscolores.es\/index.php\/wp-json\/wp\/v2\/pages\/1814","targetHints":{"allow":["GET"]}}],"collection":[{"href":"https:\/\/www.cuentatuscolores.es\/index.php\/wp-json\/wp\/v2\/pages"}],"about":[{"href":"https:\/\/www.cuentatuscolores.es\/index.php\/wp-json\/wp\/v2\/types\/page"}],"author":[{"embeddable":true,"href":"https:\/\/www.cuentatuscolores.es\/index.php\/wp-json\/wp\/v2\/users\/2"}],"replies":[{"embeddable":true,"href":"https:\/\/www.cuentatuscolores.es\/index.php\/wp-json\/wp\/v2\/comments?post=1814"}],"version-history":[{"count":98,"href":"https:\/\/www.cuentatuscolores.es\/index.php\/wp-json\/wp\/v2\/pages\/1814\/revisions"}],"predecessor-version":[{"id":1981,"href":"https:\/\/www.cuentatuscolores.es\/index.php\/wp-json\/wp\/v2\/pages\/1814\/revisions\/1981"}],"wp:attachment":[{"href":"https:\/\/www.cuentatuscolores.es\/index.php\/wp-json\/wp\/v2\/media?parent=1814"}],"curies":[{"name":"wp","href":"https:\/\/api.w.org\/{rel}","templated":true}]}}