{"id":2086,"date":"2023-11-13T19:24:13","date_gmt":"2023-11-13T19:24:13","guid":{"rendered":"https:\/\/www.cuentatuscolores.es\/?page_id=2086"},"modified":"2023-11-23T19:21:28","modified_gmt":"2023-11-23T19:21:28","slug":"ley-de-proteccion-de-datos","status":"publish","type":"page","link":"https:\/\/www.cuentatuscolores.es\/index.php\/ley-de-proteccion-de-datos\/","title":{"rendered":"Ley de protecci\u00f3n de datos"},"content":{"rendered":"\t\t<div data-elementor-type=\"wp-page\" data-elementor-id=\"2086\" class=\"elementor elementor-2086\" data-elementor-settings=\"[]\">\n\t\t\t\t\t\t\t<div class=\"elementor-section-wrap\">\n\t\t\t\t\t\t\t<section class=\"elementor-section elementor-top-section elementor-element elementor-element-b055fb3 elementor-section-boxed elementor-section-height-default elementor-section-height-default\" data-id=\"b055fb3\" data-element_type=\"section\">\n\t\t\t\t\t\t<div class=\"elementor-container elementor-column-gap-default\">\n\t\t\t\t\t<div class=\"elementor-column elementor-col-100 elementor-top-column elementor-element elementor-element-cfdad1d\" data-id=\"cfdad1d\" data-element_type=\"column\">\n\t\t\t<div class=\"elementor-widget-wrap elementor-element-populated\">\n\t\t\t\t\t\t\t\t<div class=\"elementor-element elementor-element-281464a elementor-widget elementor-widget-text-editor\" data-id=\"281464a\" data-element_type=\"widget\" data-widget_type=\"text-editor.default\">\n\t\t\t\t<div class=\"elementor-widget-container\">\n\t\t\t<style>\/*! elementor - v3.5.3 - 28-12-2021 *\/\n.elementor-widget-text-editor.elementor-drop-cap-view-stacked .elementor-drop-cap{background-color:#818a91;color:#fff}.elementor-widget-text-editor.elementor-drop-cap-view-framed .elementor-drop-cap{color:#818a91;border:3px solid;background-color:transparent}.elementor-widget-text-editor:not(.elementor-drop-cap-view-default) .elementor-drop-cap{margin-top:8px}.elementor-widget-text-editor:not(.elementor-drop-cap-view-default) .elementor-drop-cap-letter{width:1em;height:1em}.elementor-widget-text-editor .elementor-drop-cap{float:left;text-align:center;line-height:1;font-size:50px}.elementor-widget-text-editor .elementor-drop-cap-letter{display:inline-block}<\/style>\t\t\t\t<h2 id=\"identificaci\u00f3n-y-titularidad\">Identificaci\u00f3n y Titularidad<\/h2><p>En cumplimiento del art\u00edculo 10 de la Ley 34 \/ 2002, de 11 de julio, de Servicios de la Sociedad de la Informaci\u00f3n y Comercio Electr\u00f3nico, el Titular expone sus datos identificativos.<\/p><ul><li><strong>Titular:<\/strong> Oscar Javier Valbuena<\/li><li><strong>Domicilio:<\/strong>\u00a0 El Campello &#8211; Alicante<\/li><li><strong>Correo electr\u00f3nico:<\/strong> info@cuentatuscolores.es<\/li><li>Tel\u00e9fono: 649 420 650<\/li><li><strong>Sitio Web<\/strong> : www.cuentatuscolores.es<\/li><\/ul><h2 id=\"finalidad\">Finalidad<\/h2><p>La finalidad del sitio Web www.cuentatuscolores.es es ofrecer al visitante un relato autobiogr\u00e1fico y un testimonio fascinante de un viaje art\u00edstico a los largo de los a\u00f1os a trav\u00e9s de los conceptos de la pintura abstracta.\u00a0<\/p><h2 id=\"condiciones-de-uso\">Condiciones de Uso<\/h2><p>La utilizaci\u00f3n del sitio Web le otorga la condici\u00f3n de Usuario, e implica la aceptaci\u00f3n completa de todas las cl\u00e1usulas y condiciones de uso incluidas en las p\u00e1ginas:<\/p><ul><li>Aviso Legal<\/li><li>Pol\u00edtica de Privacidad<\/li><li>Pol\u00edtica de Cookies<\/li><\/ul><p>Si no estuviera conforme con todas y cada una de estas cl\u00e1usulas y condiciones abst\u00e9ngase de utilizar este sitio Web.<\/p><p>El acceso a este sitio Web no supone, en modo alguno, el inicio de una relaci\u00f3n comercial con el Titular.<\/p><p>A trav\u00e9s de este sitio Web, el Titular le facilita el acceso y la utilizaci\u00f3n de diversos contenidos que el Titular o sus colaboradores han publicado por medio de Internet.<\/p><p>A tal efecto, usted est\u00e1 obligado y comprometido a NO utilizar cualquiera de los contenidos del sitio Web con fines o efectos il\u00edcitos, prohibidos en este Aviso Legal o por la legislaci\u00f3n vigente, lesivos de los derechos e intereses de terceros, o que de cualquier forma puedan da\u00f1ar, inutilizar, sobrecargar, deteriorar o impedir la normal utilizaci\u00f3n de los contenidos, los equipos inform\u00e1ticos o los documentos, archivos y toda clase de contenidos almacenados en cualquier equipo inform\u00e1tico propios o contratados por el Titular, de otros usuarios o de cualquier usuario de Internet.<\/p><h2 id=\"comentarios-smallopcionalsmall\">Comentarios\u00a0<\/h2><p>El Titular se reserva el derecho de retirar todos aquellos comentarios que vulneren la legislaci\u00f3n vigente, lesivos de los derechos o intereses de terceros, o que, a su juicio, no resulten adecuados para su publicaci\u00f3n.<\/p><p>El Titular no ser\u00e1 responsable de las opiniones vertidas por los usuarios a trav\u00e9s del sistema de comentarios, redes sociales u otras herramientas de participaci\u00f3n, conforme a lo previsto en la normativa de aplicaci\u00f3n.<\/p><h2 id=\"medidas-de-seguridad\">Medidas de seguridad<\/h2><p>Los datos personales que facilite al Titular pueden ser almacenados en bases de datos automatizadas o no, cuya titularidad corresponde en exclusiva a el Titular, que asume todas las medidas de \u00edndole t\u00e9cnica, organizativa y de seguridad que garantizan la confidencialidad, integridad y calidad de la informaci\u00f3n contenida en las mismas de acuerdo con lo establecido en la normativa vigente en protecci\u00f3n de datos.<\/p><p>No obstante, debe ser consciente de que las medidas de seguridad de los sistemas inform\u00e1ticos en Internet no son enteramente fiables y que, por tanto el Titular no puede garantizar la inexistencia de virus u otros elementos que puedan producir alteraciones en los sistemas inform\u00e1ticos (software y hardware) del Usuario o en sus documentos electr\u00f3nicos y ficheros contenidos en los mismos aunque el Titular pone todos los medios necesarios y toma las medidas de seguridad oportunas para evitar la presencia de estos elementos da\u00f1inos.<\/p><h2 id=\"datos-personales\">Datos personales<\/h2><p>Usted puede consultar toda la informaci\u00f3n relativa al tratamiento de datos personales que recoge el Titular en la p\u00e1gina de la Pol\u00edtica de Privacidad.<\/p><h2 id=\"contenidos\">Contenidos<\/h2><p>El Titular ha obtenido la informaci\u00f3n, el contenido multimedia y los materiales incluidos en el sitio Web de fuentes que considera fiables, pero, si bien ha tomado todas las medidas razonables para asegurar que la informaci\u00f3n contenida es correcta, el Titular no garantiza que sea exacta, completa o actualizada. El Titular declina expresamente cualquier responsabilidad por error u omisi\u00f3n en la informaci\u00f3n contenida en las p\u00e1ginas de este sitio Web.<\/p><p>Queda prohibido transmitir o enviar a trav\u00e9s del sitio Web cualquier contenido ilegal o il\u00edcito, virus inform\u00e1ticos, o mensajes que, en general, afecten o violen derechos de\u00a0el Titular o de terceros.<\/p><p>Los contenidos del Sitio Web tienen \u00fanicamente una finalidad informativa y bajo ninguna circunstancia deben usarse ni considerarse como oferta de venta, solicitud de una oferta de compra ni recomendaci\u00f3n para realizar cualquier otra operaci\u00f3n, salvo que as\u00ed se indique expresamente.<\/p><p>El Titular se reserva el derecho a modificar, suspender, cancelar o restringir el contenido del Sitio Web, los v\u00ednculos o la informaci\u00f3n obtenida a trav\u00e9s del sitio Web, sin necesidad de previo aviso.<\/p><p>El Titular no es responsable de los da\u00f1os y perjuicios que pudieran derivarse de la utilizaci\u00f3n de la informaci\u00f3n del sitio Web o de la contenida en las redes sociales del Titular.<\/p><h2 id=\"pol\u00edtica-de-cookies\">Pol\u00edtica de cookies<\/h2><p>En la p\u00e1gina Pol\u00edtica de Cookies puede consultar toda la informaci\u00f3n relativa a la pol\u00edtica de recogida y tratamiento de las cookies.<\/p><p>El Titular s\u00f3lo obtiene y conserva la siguiente informaci\u00f3n acerca de los visitantes del Sitio Web:<\/p><ul><li>El nombre de dominio del proveedor (PSI) y\/o direcci\u00f3n IP que les da acceso a la red.<\/li><li>La fecha y hora de acceso al sitio Web.<\/li><li>La direcci\u00f3n de Internet origen del enlace que dirige al sitio Web.<\/li><li>El n\u00famero de visitantes diarios de cada secci\u00f3n.<\/li><li>La informaci\u00f3n obtenida es totalmente an\u00f3nima, y en ning\u00fan caso puede ser asociada a un Usuario concreto e identificado.<\/li><\/ul><h2 id=\"enlaces-de-inter\u00e9s-a-otros-sitios-web\">Enlaces de inter\u00e9s a otros sitios Web<\/h2><p>El Titular puede proporcionarle acceso a sitios Web de terceros mediante enlaces con la finalidad de informar sobre la existencia de otras fuentes de informaci\u00f3n en Internet en las que podr\u00e1 ampliar los datos ofrecidos en el sitio Web.<\/p><p>Estos enlaces a otros sitios Web no suponen en ning\u00fan caso una sugerencia o recomendaci\u00f3n para que usted visite las p\u00e1ginas web de destino, que est\u00e1n fuera del control del Titular, por lo que Titular no es responsable del contenido de los sitios web vinculados ni del resultado que obtenga al seguir los enlaces.<\/p><p>Asimismo, el Titular no responde de los links o enlaces ubicados en los sitios web vinculados a los que le proporciona acceso.<\/p><p>El establecimiento del enlace no implica en ning\u00fan caso la existencia de relaciones entre Titular y el propietario del sitio en el que se establezca el enlace, ni la aceptaci\u00f3n o aprobaci\u00f3n por parte del Titular de sus contenidos o servicios.<\/p><p>Si accede a un sitio Web externo desde un enlace que encuentre en el Sitio Web usted deber\u00e1 leer la propia pol\u00edtica de privacidad del otro sitio web que puede ser diferente de la de este sitio Web.<\/p><h2 id=\"propiedad-intelectual-e-industrial\">Propiedad intelectual e industrial<\/h2><p>Todos los derechos est\u00e1n reservados.<\/p><p>Todo acceso a este sitio Web est\u00e1 sujeto a las siguientes condiciones: la reproducci\u00f3n, almacenaje permanente y la difusi\u00f3n de los contenidos o cualquier otro uso que tenga finalidad p\u00fablica o comercial queda expresamente prohibida sin el consentimiento previo expreso y por escrito de Titular.<\/p><h2 id=\"limitaci\u00f3n-de-responsabilidad\">Limitaci\u00f3n de responsabilidad<\/h2><p>La informaci\u00f3n y servicios incluidos o disponibles a trav\u00e9s de este sitio Web pueden incluir incorrecciones o errores tipogr\u00e1ficos. De forma peri\u00f3dica el Titular incorpora mejoras y\/o cambios a la informaci\u00f3n contenida y\/o los Servicios que puede introducir en cualquier momento.<\/p><p>El Titular no declara ni garantiza que los servicios o contenidos sean interrumpidos o que est\u00e9n libres de errores, que los defectos sean corregidos, o que el servicio o el servidor que lo pone a disposici\u00f3n est\u00e9n libres de virus u otros componentes nocivos sin perjuicio de que el Titular realiza todos los esfuerzos en evitar este tipo de incidentes.<\/p><p>Titular declina cualquier responsabilidad en caso de que existan interrupciones o un mal funcionamiento de los Servicios o contenidos ofrecidos en Internet, cualquiera que sea su causa. Asimismo, el Titular no se hace responsable por ca\u00eddas de la red, p\u00e9rdidas de negocio a consecuencia de dichas ca\u00eddas, suspensiones temporales de fluido el\u00e9ctrico o cualquier otro tipo de da\u00f1o indirecto que te pueda ser causado por causas ajenas a el Titular.<\/p><p>Antes de tomar decisiones y\/o acciones con base a la informaci\u00f3n incluida en el sitio Web, el Titular le recomienda comprobar y contrastar la informaci\u00f3n recibida con otras fuentes.<\/p><h2 id=\"jurisdicci\u00f3n\">Jurisdicci\u00f3n<\/h2><p>Este Aviso Legal se rige \u00edntegramente por la legislaci\u00f3n espa\u00f1ola.<\/p><p>Siempre que no haya una norma que obligue a otra cosa, para cuantas cuestiones se susciten sobre la interpretaci\u00f3n, aplicaci\u00f3n y cumplimiento de este Aviso Legal, as\u00ed como de las reclamaciones que puedan derivarse de su uso, las partes acuerdan someterse a los Jueces y Tribunales de la provincia de\u00a0<span class=\"resaltar\">Alicante<\/span>, con renuncia expresa de cualquier otra jurisdicci\u00f3n que pudiera corresponderles.<\/p><h2 id=\"contacto\">Contacto<\/h2><p>En caso de que usted tenga cualquier duda acerca de estas Condiciones legales o quiera realizar cualquier comentario sobre este sitio Web, puede enviar un mensaje de correo electr\u00f3nico a la direcci\u00f3n info@cuentatuscolores.es<\/p><h2>Pol\u00edtica de privacidad<\/h2><p>En virtud de lo establecido por la normativa aplicable en materia de protecci\u00f3n de datos, todos los datos de car\u00e1cter personal facilitados por el Usuario a trav\u00e9s de los correspondientes formularios durante la utilizaci\u00f3n del Sitio Web ser\u00e1n tratados por El Prestador seg\u00fan lo dispuesto en la Pol\u00edtica de Privacidad del Sitio Web.<\/p><p>El Prestador tratar\u00e1 los datos personales del Usuario de forma confidencial y seg\u00fan la normativa de protecci\u00f3n de datos aplicable y no los divulgar\u00e1 a terceros, a menos que sea necesario para el cumplimiento de las obligaciones contractuales y por obligaci\u00f3n legal.<\/p><p><strong>INFORMACI\u00d3N B\u00c1SICA SOBRE LA POL\u00cdTICA DE PRIVACIDAD<\/strong><\/p><p>Responsable: Oscar Valbuena<\/p><p>Finalidad: Prestar los servicios ofrecidos a trav\u00e9s del sitio web o atender otros tipos de relaciones que puedan surgir con el Prestador como consecuencia de solicitudes, gestiones o tr\u00e1mites que el usuario realice mediante el Sitio Web.<\/p><p>Legitimaci\u00f3n: seg\u00fan lo dispuesto en el Reglamento (UE) 2016\/679 y la LOPDGDD 3\/2018.<\/p><p>Consentimiento del interesado<\/p><p>Cumplimiento de obligaciones legales<\/p><p>Ejecuci\u00f3n de un contrato o precontrato.<\/p><p>Destinatarios: Posibles terceros para el desarrollo, mantenimiento y control de la relaci\u00f3n jur\u00eddica que se establezca cuando exista autorizaci\u00f3n legal por el usuario para hacerlo, administraci\u00f3n publica con competencia en la materia y entidades relacionadas con el cumplimiento de las obligaciones contra\u00eddas<\/p><p>Derechos: Acceso, rectificaci\u00f3n, supresi\u00f3n, portabilidad, limitaci\u00f3n y oposici\u00f3n. Tambi\u00e9n tiene derecho a oponerse a recibir nuestras comunicaciones y a revocar su consentimiento en cualquier momento.<\/p><p>\u00a0<\/p>\t\t\t\t\t\t<\/div>\n\t\t\t\t<\/div>\n\t\t\t\t\t<\/div>\n\t\t<\/div>\n\t\t\t\t\t\t\t<\/div>\n\t\t<\/section>\n\t\t\t\t\t\t<\/div>\n\t\t\t\t\t<\/div>\n\t\t","protected":false},"excerpt":{"rendered":"<p>Identificaci\u00f3n y Titularidad En cumplimiento del art\u00edculo 10 de la Ley 34 \/ 2002, de 11 de julio, de Servicios de la Sociedad de la Informaci\u00f3n y Comercio Electr\u00f3nico, el Titular expone sus datos identificativos. Titular: Oscar Javier Valbuena Domicilio:\u00a0 El Campello &#8211; Alicante Correo electr\u00f3nico: info@cuentatuscolores.es Tel\u00e9fono: 649 420 650 Sitio Web : www.cuentatuscolores.es [&hellip;]<\/p>\n","protected":false},"author":2,"featured_media":0,"parent":0,"menu_order":0,"comment_status":"closed","ping_status":"closed","template":"","meta":{"footnotes":""},"class_list":["post-2086","page","type-page","status-publish","hentry"],"_links":{"self":[{"href":"https:\/\/www.cuentatuscolores.es\/index.php\/wp-json\/wp\/v2\/pages\/2086","targetHints":{"allow":["GET"]}}],"collection":[{"href":"https:\/\/www.cuentatuscolores.es\/index.php\/wp-json\/wp\/v2\/pages"}],"about":[{"href":"https:\/\/www.cuentatuscolores.es\/index.php\/wp-json\/wp\/v2\/types\/page"}],"author":[{"embeddable":true,"href":"https:\/\/www.cuentatuscolores.es\/index.php\/wp-json\/wp\/v2\/users\/2"}],"replies":[{"embeddable":true,"href":"https:\/\/www.cuentatuscolores.es\/index.php\/wp-json\/wp\/v2\/comments?post=2086"}],"version-history":[{"count":31,"href":"https:\/\/www.cuentatuscolores.es\/index.php\/wp-json\/wp\/v2\/pages\/2086\/revisions"}],"predecessor-version":[{"id":2128,"href":"https:\/\/www.cuentatuscolores.es\/index.php\/wp-json\/wp\/v2\/pages\/2086\/revisions\/2128"}],"wp:attachment":[{"href":"https:\/\/www.cuentatuscolores.es\/index.php\/wp-json\/wp\/v2\/media?parent=2086"}],"curies":[{"name":"wp","href":"https:\/\/api.w.org\/{rel}","templated":true}]}}